{"id":724,"date":"2024-10-16T20:53:07","date_gmt":"2024-10-16T20:53:07","guid":{"rendered":"https:\/\/www.dr-haenselmann.de\/?page_id=724"},"modified":"2024-11-29T16:06:00","modified_gmt":"2024-11-29T16:06:00","slug":"termin-buchen","status":"publish","type":"page","link":"https:\/\/www.dr-haenselmann.de\/index.php\/termin-buchen\/","title":{"rendered":"Termin buchen"},"content":{"rendered":"\n<h3 class=\"wp-block-heading\">Termin buchen<\/h3>\n\n\n\n<p>Hier k\u00f6nnen Sie Termine in unserer Akutsprechstunde buchen. Wir bitten Sie, im Feld <strong>&#8222;Bemerkung&#8220;<\/strong> den <strong>Grund Ihres Besuches m\u00f6glichst genau zu beschreiben<\/strong>. So helfen Sie uns, den Zeitbedarf f\u00fcr Ihr Anliegen besser einsch\u00e4tzen zu k\u00f6nnen und lange Wartezeiten zu vermeiden. Vielen Dank!<\/p>\n\n\n\n<!-- iframe plugin v.5.2 wordpress.org\/plugins\/iframe\/ -->\n<iframe loading=\"lazy\" src=\"https:\/\/www.docvisit.de\/kalender\/5b077ab\" width=\"100%\" height=\"600\" scrolling=\"yes\" class=\"iframe-class\" frameborder=\"0\"><\/iframe>\n\n\n\n\n<p><\/p>\n","protected":false},"excerpt":{"rendered":"<p>Termin buchen Hier k\u00f6nnen Sie Termine in unserer Akutsprechstunde buchen. Wir bitten Sie, im Feld &#8222;Bemerkung&#8220; den Grund Ihres Besuches m\u00f6glichst genau zu beschreiben. So helfen Sie uns, den Zeitbedarf f\u00fcr Ihr Anliegen besser&#46;&#46;&#46;<\/p>\n","protected":false},"author":1,"featured_media":0,"parent":0,"menu_order":0,"comment_status":"closed","ping_status":"closed","template":"","meta":{"footnotes":""},"class_list":["post-724","page","type-page","status-publish","hentry"],"_links":{"self":[{"href":"https:\/\/www.dr-haenselmann.de\/index.php\/wp-json\/wp\/v2\/pages\/724","targetHints":{"allow":["GET"]}}],"collection":[{"href":"https:\/\/www.dr-haenselmann.de\/index.php\/wp-json\/wp\/v2\/pages"}],"about":[{"href":"https:\/\/www.dr-haenselmann.de\/index.php\/wp-json\/wp\/v2\/types\/page"}],"author":[{"embeddable":true,"href":"https:\/\/www.dr-haenselmann.de\/index.php\/wp-json\/wp\/v2\/users\/1"}],"replies":[{"embeddable":true,"href":"https:\/\/www.dr-haenselmann.de\/index.php\/wp-json\/wp\/v2\/comments?post=724"}],"version-history":[{"count":12,"href":"https:\/\/www.dr-haenselmann.de\/index.php\/wp-json\/wp\/v2\/pages\/724\/revisions"}],"predecessor-version":[{"id":742,"href":"https:\/\/www.dr-haenselmann.de\/index.php\/wp-json\/wp\/v2\/pages\/724\/revisions\/742"}],"wp:attachment":[{"href":"https:\/\/www.dr-haenselmann.de\/index.php\/wp-json\/wp\/v2\/media?parent=724"}],"curies":[{"name":"wp","href":"https:\/\/api.w.org\/{rel}","templated":true}]}}