{"id":2,"date":"2018-10-20T22:01:40","date_gmt":"2018-10-20T22:01:40","guid":{"rendered":"https:\/\/dr-haenselmann.de\/?page_id=2"},"modified":"2024-01-06T12:14:24","modified_gmt":"2024-01-06T12:14:24","slug":"sample-page","status":"publish","type":"page","link":"https:\/\/www.dr-haenselmann.de\/","title":{"rendered":"Home"},"content":{"rendered":"<section id=\"content\">\n<article><\/article>\n<\/section>\n<h4><strong><span style=\"color: #ff0000;\">\u00a0<\/span><\/strong><\/h4>\n<h1>Herzlich Willkommen!<\/h1>\n<p><img loading=\"lazy\" decoding=\"async\" class=\"aligncenter wp-image-224\" src=\"https:\/\/www.dr-haenselmann.de\/wp-content\/uploads\/2018\/11\/logo_google.jpg\" alt=\"\" width=\"409\" height=\"241\" srcset=\"https:\/\/www.dr-haenselmann.de\/wp-content\/uploads\/2018\/11\/logo_google.jpg 1426w, https:\/\/www.dr-haenselmann.de\/wp-content\/uploads\/2018\/11\/logo_google-300x177.jpg 300w, https:\/\/www.dr-haenselmann.de\/wp-content\/uploads\/2018\/11\/logo_google-768x452.jpg 768w, https:\/\/www.dr-haenselmann.de\/wp-content\/uploads\/2018\/11\/logo_google-1024x603.jpg 1024w\" sizes=\"auto, (max-width: 409px) 100vw, 409px\" \/>Mit dieser Homepage m\u00f6chten wir Ihnen einen ersten Eindruck unserer Praxis vermitteln. Keinesfalls soll sie jedoch den pers\u00f6nlichen Kontakt ersetzen.<\/p>\n<p>In unserer traditionellen Landarztpraxis behandeln wir Menschen nahezu jeden Alters. F\u00fcr unsere Patienten sind wir die erste Anlaufstelle f\u00fcr Beschwerden jeglicher Art, vom banalen Schnupfen bis zur komplexen chronischen Erkrankung.<\/p>\n<p>Das Besondere an unserer Arbeitsweise ist die ganzheitliche Sicht auf alle Lebensaspekte, die das Wohlbefinden beeinflussen. Man nennt das den bio-psycho-sozialen Ansatz.<\/p>\n<p>Die Atmosph\u00e4re in unserer Praxis ist gepr\u00e4gt von Fr\u00f6hlichkeit. Wir legen Wert auf Freundlichkeit und gegenseitigen Respekt sowie einen guten Ausgleich von Familiarit\u00e4t und notwendiger professioneller Distanz.<\/p>\n\n\n<p><\/p>\n\n\n\n<p><\/p>\n","protected":false},"excerpt":{"rendered":"<p>\u00a0 Herzlich Willkommen! Mit dieser Homepage m\u00f6chten wir Ihnen einen ersten Eindruck unserer Praxis vermitteln. Keinesfalls soll sie jedoch den pers\u00f6nlichen Kontakt ersetzen. In unserer traditionellen Landarztpraxis behandeln wir Menschen nahezu jeden Alters. F\u00fcr&#46;&#46;&#46;<\/p>\n","protected":false},"author":1,"featured_media":0,"parent":0,"menu_order":0,"comment_status":"closed","ping_status":"closed","template":"","meta":{"footnotes":""},"class_list":["post-2","page","type-page","status-publish","hentry"],"_links":{"self":[{"href":"https:\/\/www.dr-haenselmann.de\/index.php\/wp-json\/wp\/v2\/pages\/2","targetHints":{"allow":["GET"]}}],"collection":[{"href":"https:\/\/www.dr-haenselmann.de\/index.php\/wp-json\/wp\/v2\/pages"}],"about":[{"href":"https:\/\/www.dr-haenselmann.de\/index.php\/wp-json\/wp\/v2\/types\/page"}],"author":[{"embeddable":true,"href":"https:\/\/www.dr-haenselmann.de\/index.php\/wp-json\/wp\/v2\/users\/1"}],"replies":[{"embeddable":true,"href":"https:\/\/www.dr-haenselmann.de\/index.php\/wp-json\/wp\/v2\/comments?post=2"}],"version-history":[{"count":18,"href":"https:\/\/www.dr-haenselmann.de\/index.php\/wp-json\/wp\/v2\/pages\/2\/revisions"}],"predecessor-version":[{"id":677,"href":"https:\/\/www.dr-haenselmann.de\/index.php\/wp-json\/wp\/v2\/pages\/2\/revisions\/677"}],"wp:attachment":[{"href":"https:\/\/www.dr-haenselmann.de\/index.php\/wp-json\/wp\/v2\/media?parent=2"}],"curies":[{"name":"wp","href":"https:\/\/api.w.org\/{rel}","templated":true}]}}