{"id":17,"date":"2018-10-21T13:34:26","date_gmt":"2018-10-21T13:34:26","guid":{"rendered":"https:\/\/dr-haenselmann.de\/?page_id=17"},"modified":"2024-01-06T18:51:46","modified_gmt":"2024-01-06T18:51:46","slug":"die-praxis","status":"publish","type":"page","link":"https:\/\/www.dr-haenselmann.de\/index.php\/die-praxis\/","title":{"rendered":"Die Praxis"},"content":{"rendered":"<section id=\"content\">\n<article>\n<div style=\"display: table; border: 0px;\">\n<div style=\"display: table-row;\">\n<div style=\"display: table-cell; padding: 10px;\">\n<h1>Die Praxis<\/h1>\n<h4>Was k\u00f6nnen Sie als Patienten unserer Praxis erwarten?<\/h4>\n<p>Beide \u00c4rzte haben eine solide schulmedizinische Ausbildung und Facharztweiterbildung zum Facharzt f\u00fcr Allgemeinmedizin. Wir behandeln Patienten nahezu jeden Alters, vom Schulkind bis zum Greis. Ebenso werden alle Impfungen und alle Vorsorgeuntersuchungen angeboten. Bei medizinischer Notwendigkeit f\u00fchren wir auch Hausbesuche durch.<\/p>\n<p>Wir legen besonderen Wert auf eine technische Ausstattung, die dem neuesten Standard entspricht.<br \/>\nNoch wichtiger ist uns die gute menschliche Beziehung zu unseren Patienten. Die aktuelle Lebenssituation eines Patienten ist genauso wichtig wie seine Laborwerte!<\/p>\n<p>Neben der in Hausarztpraxen selbstverst\u00e4ndlichen schulmedizinischen fach\u00e4rztlichen Ausbildung, finden Sie in unserer Praxis zus\u00e4tzlich Kompetenz in Naturheilverfahren und Psychotherapie \u201eunter einem Dach\u201c. Auf der Basis dieser breit gef\u00e4cherten Ausbildung, k\u00f6nnen wir einen individuell abgestimmten Behandlungsweg anbieten, der auch bei vielschichtigen und komplexen Problemen zum Ziel f\u00fchrt.<\/p>\n<p>Wir bieten Ihnen eine umfassende haus\u00e4rztliche Betreuung auf h\u00f6chstem Niveau an. \u00dcber das rein Medizinische hinaus stehen wir auch zur Verf\u00fcgung f\u00fcr Fragen bei menschlichen Problemen und N\u00f6ten aller Art.<\/p>\n<h4>Warum braucht man einen Hausarzt?<\/h4>\n<p>Der Allgemeinarzt ist der einzige Arzt, der sich nicht \u00fcber eine bestimmte Krankheit oder ein bestimmtes Organgebiet definiert. Er erkl\u00e4rt sich ausdr\u00fccklich zust\u00e4ndig f\u00fcr den ganzen Menschen in seiner bio-psycho-sozialen Gesamtheit.<\/p>\n<p>Der Facharzt sieht viele Menschen mit immer denselben Krankheiten. Er arbeitet daher krankheitsorientiert. Der Hausarzt sieht immer die gleichen Menschen mit vielen verschiedenen Krankheiten. Er arbeitet patientenorientiert.<\/p>\n<p>Der Hausarzt kennt seine Patienten meist seit vielen Jahren. Er kennt ihre Eigenheiten und Lebensumst\u00e4nde und kann so ganz pers\u00f6nlich und individuell auf sie eingehen. Er sieht seinen Patienten als Pers\u00f6nlichkeit und nicht als Krankheitsfall. Der Hausarzt verbindet fachliches Wissen mit mitmenschlicher F\u00fcrsorge.<\/p>\n<p>Dazu schreibt Alexander Solschenizyn in seinem Roman \u201eKrebsstation\u201c:<\/p>\n<p><cite> \u201eOhne den Hausarzt kann die Familie in einer hoch entwickelten Gesellschaft gar nicht existieren. Wie die Mutter den Geschmack jedes einzelnen in der Familie kennt, so kennt er ihre Bed\u00fcrfnisse.\u201c<\/cite> <cite> \u201eHeutzutage ist es leichter eine gute Ehefrau zu finden, als einen guten Arzt, der sich um einen k\u00fcmmert, so oft man ihn braucht, und der einen ganz versteht \u2013 ohne Einschr\u00e4nkung.\u201c <\/cite>In unserer Praxis sind wir sehr bem\u00fcht in diesem Sinne zu arbeiten und m\u00f6chten jedem Patienten eine individuelle, auf ihn abgestimmte Behandlung zukommen lassen. Wir erm\u00f6glichen es den Patienten durch umfassende Information die n\u00f6tigen Entscheidungen gemeinsam mit uns zu treffen. Grunds\u00e4tzlich empfehlen wir unseren Patienten jedoch nur Behandlungsm\u00f6glichkeiten, die wir auch f\u00fcr uns selbst in Betracht ziehen w\u00fcrden.<\/p>\n<h4>F\u00fcr die uns anvertrauten Patienten \u00fcbernehmen wir Verantwortung.<\/h4>\n<\/div>\n<div style=\"display: table-cell; width: 310px; padding: 10px;\">\n<aside>\n<h3 class=\"gallery\"><span style=\"color: #ff9900;\">Galerie<\/span><\/h3>\n<div class=\"col\"><\/div>\n<div class=\"col\">\n<div class=\"foogallery foogallery-container foogallery-masonry foogallery-lightbox-foobox fg-center fg-masonry fg-light fg-border-thin fg-shadow-outline fg-loading-default fg-loaded-fade-in fg-caption-hover fg-hover-fade fg-hover-zoom fg-ready fg-col2\" id=\"foogallery-gallery-226\" data-foogallery=\"{&quot;item&quot;:{&quot;showCaptionTitle&quot;:true,&quot;showCaptionDescription&quot;:true},&quot;lazy&quot;:true}\" >\n\t\t<div class=\"fg-column-width\"><\/div>\n\t<div class=\"fg-gutter-width\"><\/div>\n\t\t<div class=\"fg-item fg-type-image fg-idle\"><figure class=\"fg-item-inner\"><a href=\"https:\/\/www.dr-haenselmann.de\/wp-content\/uploads\/2018\/10\/01_praxis_big.jpg\" data-attachment-id=\"66\" data-type=\"image\" class=\"fg-thumb\"><span class=\"fg-image-wrap\"><img decoding=\"async\" width=\"120\" height=\"80\" class=\"skip-lazy fg-image\" data-src-fg=\"https:\/\/www.dr-haenselmann.de\/wp-content\/uploads\/cache\/2018\/10\/01_praxis_big\/445146089.jpg\" src=\"data:image\/svg+xml,%3Csvg%20xmlns%3D%22http%3A%2F%2Fwww.w3.org%2F2000%2Fsvg%22%20width%3D%22120%22%20height%3D%2280%22%20viewBox%3D%220%200%20120%2080%22%3E%3C%2Fsvg%3E\" loading=\"eager\"><\/span><span class=\"fg-image-overlay\"><\/span><\/a><figcaption class=\"fg-caption\"><div class=\"fg-caption-inner\"><\/div><\/figcaption><\/figure><div class=\"fg-loader\"><\/div><\/div><div class=\"fg-item fg-type-image fg-idle\"><figure class=\"fg-item-inner\"><a href=\"https:\/\/www.dr-haenselmann.de\/wp-content\/uploads\/2018\/10\/04_praxis_big.jpg\" data-attachment-id=\"69\" data-type=\"image\" class=\"fg-thumb\"><span class=\"fg-image-wrap\"><img decoding=\"async\" width=\"120\" height=\"90\" class=\"skip-lazy fg-image\" data-src-fg=\"https:\/\/www.dr-haenselmann.de\/wp-content\/uploads\/cache\/2018\/10\/04_praxis_big\/806250416.jpg\" src=\"data:image\/svg+xml,%3Csvg%20xmlns%3D%22http%3A%2F%2Fwww.w3.org%2F2000%2Fsvg%22%20width%3D%22120%22%20height%3D%2290%22%20viewBox%3D%220%200%20120%2090%22%3E%3C%2Fsvg%3E\" loading=\"eager\"><\/span><span class=\"fg-image-overlay\"><\/span><\/a><figcaption class=\"fg-caption\"><div class=\"fg-caption-inner\"><\/div><\/figcaption><\/figure><div class=\"fg-loader\"><\/div><\/div><div class=\"fg-item fg-type-image fg-idle\"><figure class=\"fg-item-inner\"><a href=\"https:\/\/www.dr-haenselmann.de\/wp-content\/uploads\/2018\/10\/Praxiseingang.jpg\" data-attachment-id=\"197\" data-type=\"image\" class=\"fg-thumb\"><span class=\"fg-image-wrap\"><img decoding=\"async\" width=\"120\" height=\"80\" class=\"skip-lazy fg-image\" data-src-fg=\"https:\/\/www.dr-haenselmann.de\/wp-content\/uploads\/cache\/2018\/10\/Praxiseingang\/3802988593.jpg\" src=\"data:image\/svg+xml,%3Csvg%20xmlns%3D%22http%3A%2F%2Fwww.w3.org%2F2000%2Fsvg%22%20width%3D%22120%22%20height%3D%2280%22%20viewBox%3D%220%200%20120%2080%22%3E%3C%2Fsvg%3E\" loading=\"eager\"><\/span><span class=\"fg-image-overlay\"><\/span><\/a><figcaption class=\"fg-caption\"><div class=\"fg-caption-inner\"><\/div><\/figcaption><\/figure><div class=\"fg-loader\"><\/div><\/div><div class=\"fg-item fg-type-image fg-idle\"><figure class=\"fg-item-inner\"><a href=\"https:\/\/www.dr-haenselmann.de\/wp-content\/uploads\/2018\/10\/IMG_2981.jpg\" data-attachment-id=\"158\" data-type=\"image\" class=\"fg-thumb\"><span class=\"fg-image-wrap\"><img decoding=\"async\" width=\"120\" height=\"90\" class=\"skip-lazy fg-image\" data-src-fg=\"https:\/\/www.dr-haenselmann.de\/wp-content\/uploads\/cache\/2018\/10\/IMG_2981\/61847035.jpg\" src=\"data:image\/svg+xml,%3Csvg%20xmlns%3D%22http%3A%2F%2Fwww.w3.org%2F2000%2Fsvg%22%20width%3D%22120%22%20height%3D%2290%22%20viewBox%3D%220%200%20120%2090%22%3E%3C%2Fsvg%3E\" loading=\"eager\"><\/span><span class=\"fg-image-overlay\"><\/span><\/a><figcaption class=\"fg-caption\"><div class=\"fg-caption-inner\"><\/div><\/figcaption><\/figure><div class=\"fg-loader\"><\/div><\/div><div class=\"fg-item fg-type-image fg-idle\"><figure class=\"fg-item-inner\"><a href=\"https:\/\/www.dr-haenselmann.de\/wp-content\/uploads\/2018\/10\/IMG_2994.jpg\" data-attachment-id=\"191\" data-type=\"image\" class=\"fg-thumb\"><span class=\"fg-image-wrap\"><img decoding=\"async\" width=\"120\" height=\"90\" class=\"skip-lazy fg-image\" data-src-fg=\"https:\/\/www.dr-haenselmann.de\/wp-content\/uploads\/cache\/2018\/10\/IMG_2994\/1428896784.jpg\" src=\"data:image\/svg+xml,%3Csvg%20xmlns%3D%22http%3A%2F%2Fwww.w3.org%2F2000%2Fsvg%22%20width%3D%22120%22%20height%3D%2290%22%20viewBox%3D%220%200%20120%2090%22%3E%3C%2Fsvg%3E\" loading=\"eager\"><\/span><span class=\"fg-image-overlay\"><\/span><\/a><figcaption class=\"fg-caption\"><div class=\"fg-caption-inner\"><\/div><\/figcaption><\/figure><div class=\"fg-loader\"><\/div><\/div><div class=\"fg-item fg-type-image fg-idle\"><figure class=\"fg-item-inner\"><a href=\"https:\/\/www.dr-haenselmann.de\/wp-content\/uploads\/2018\/10\/IMG_3587.jpg\" data-attachment-id=\"192\" data-type=\"image\" class=\"fg-thumb\"><span class=\"fg-image-wrap\"><img decoding=\"async\" width=\"120\" height=\"90\" class=\"skip-lazy fg-image\" data-src-fg=\"https:\/\/www.dr-haenselmann.de\/wp-content\/uploads\/cache\/2018\/10\/IMG_3587\/2183995107.jpg\" src=\"data:image\/svg+xml,%3Csvg%20xmlns%3D%22http%3A%2F%2Fwww.w3.org%2F2000%2Fsvg%22%20width%3D%22120%22%20height%3D%2290%22%20viewBox%3D%220%200%20120%2090%22%3E%3C%2Fsvg%3E\" loading=\"eager\"><\/span><span class=\"fg-image-overlay\"><\/span><\/a><figcaption class=\"fg-caption\"><div class=\"fg-caption-inner\"><\/div><\/figcaption><\/figure><div class=\"fg-loader\"><\/div><\/div><div class=\"fg-item fg-type-image fg-idle\"><figure class=\"fg-item-inner\"><a href=\"https:\/\/www.dr-haenselmann.de\/wp-content\/uploads\/2018\/10\/IMG_3589.jpg\" data-attachment-id=\"194\" data-type=\"image\" class=\"fg-thumb\"><span class=\"fg-image-wrap\"><img decoding=\"async\" width=\"120\" height=\"90\" class=\"skip-lazy fg-image\" data-src-fg=\"https:\/\/www.dr-haenselmann.de\/wp-content\/uploads\/cache\/2018\/10\/IMG_3589\/1716917930.jpg\" src=\"data:image\/svg+xml,%3Csvg%20xmlns%3D%22http%3A%2F%2Fwww.w3.org%2F2000%2Fsvg%22%20width%3D%22120%22%20height%3D%2290%22%20viewBox%3D%220%200%20120%2090%22%3E%3C%2Fsvg%3E\" loading=\"eager\"><\/span><span class=\"fg-image-overlay\"><\/span><\/a><figcaption class=\"fg-caption\"><div class=\"fg-caption-inner\"><\/div><\/figcaption><\/figure><div class=\"fg-loader\"><\/div><\/div><\/div>\n<\/div>\n<h3 class=\"gallery\"><span style=\"color: #ff9900;\">\u00a0<\/span><\/h3>\n<\/aside>\n<\/div>\n<\/div>\n<\/div>\n<\/article>\n<\/section>\n","protected":false},"excerpt":{"rendered":"<p>Die Praxis Was k\u00f6nnen Sie als Patienten unserer Praxis erwarten? Beide \u00c4rzte haben eine solide schulmedizinische Ausbildung und Facharztweiterbildung zum Facharzt f\u00fcr Allgemeinmedizin. Wir behandeln Patienten nahezu jeden Alters, vom Schulkind bis zum Greis.&#46;&#46;&#46;<\/p>\n","protected":false},"author":1,"featured_media":0,"parent":0,"menu_order":0,"comment_status":"closed","ping_status":"closed","template":"","meta":{"footnotes":""},"class_list":["post-17","page","type-page","status-publish","hentry"],"_links":{"self":[{"href":"https:\/\/www.dr-haenselmann.de\/index.php\/wp-json\/wp\/v2\/pages\/17","targetHints":{"allow":["GET"]}}],"collection":[{"href":"https:\/\/www.dr-haenselmann.de\/index.php\/wp-json\/wp\/v2\/pages"}],"about":[{"href":"https:\/\/www.dr-haenselmann.de\/index.php\/wp-json\/wp\/v2\/types\/page"}],"author":[{"embeddable":true,"href":"https:\/\/www.dr-haenselmann.de\/index.php\/wp-json\/wp\/v2\/users\/1"}],"replies":[{"embeddable":true,"href":"https:\/\/www.dr-haenselmann.de\/index.php\/wp-json\/wp\/v2\/comments?post=17"}],"version-history":[{"count":15,"href":"https:\/\/www.dr-haenselmann.de\/index.php\/wp-json\/wp\/v2\/pages\/17\/revisions"}],"predecessor-version":[{"id":714,"href":"https:\/\/www.dr-haenselmann.de\/index.php\/wp-json\/wp\/v2\/pages\/17\/revisions\/714"}],"wp:attachment":[{"href":"https:\/\/www.dr-haenselmann.de\/index.php\/wp-json\/wp\/v2\/media?parent=17"}],"curies":[{"name":"wp","href":"https:\/\/api.w.org\/{rel}","templated":true}]}}